{"id":26,"date":"2020-12-08T03:54:16","date_gmt":"2020-12-08T03:54:16","guid":{"rendered":"https:\/\/gaviaspreview.com\/wp\/orgarium\/?page_id=26"},"modified":"2020-12-08T03:54:16","modified_gmt":"2020-12-08T03:54:16","slug":"news-2","status":"publish","type":"page","link":"https:\/\/bulgarian-herbs.com\/en\/news-2\/","title":{"rendered":"News II"},"content":{"rendered":"<div data-elementor-type=\"wp-page\" data-elementor-id=\"26\" class=\"elementor elementor-26\">\n\t\t\t\t\t\t<section class=\"elementor-section elementor-top-section elementor-element elementor-element-bab952e elementor-section-full_width elementor-section-height-default elementor-section-height-default shape-bg-top-no shape-bg-bottom-no\" data-id=\"bab952e\" data-element_type=\"section\" data-e-type=\"section\">\n\t\t\t\t\t\t<div class=\"elementor-container elementor-column-gap-default\">\n\t\t\t\t\t<div class=\"elementor-column elementor-col-100 elementor-top-column elementor-element elementor-element-a9d9793\" data-id=\"a9d9793\" data-element_type=\"column\" data-e-type=\"column\">\n\t\t\t<div class=\"elementor-widget-wrap elementor-element-populated\">\n\t\t\t\t\t\t<div class=\"elementor-element elementor-element-d691118 elementor-widget elementor-widget-gva_post_breadcrumb\" data-id=\"d691118\" data-element_type=\"widget\" data-e-type=\"widget\" data-widget_type=\"gva_post_breadcrumb.default\">\n\t\t\t\t<div class=\"elementor-widget-container\">\n\t\t\t\t\t<div class=\"gva-element-gva_post_breadcrumb gva-element\">   \r\n<div class=\"post-breadcrumb\">\r\n   <div class=\"custom-breadcrumb\" >\r\n            <div class=\"breadcrumb-main\">\r\n        <div class=\"container\">\r\n          <div class=\"breadcrumb-container-inner\">\r\n            <h2 class=\"heading-title\">News II<\/h2><ol class=\"breadcrumb\"><li><a href=\"https:\/\/bulgarian-herbs.com\/en\">Home<\/a> <\/li> <li class=\"active\">Page<\/li><\/ol>          <\/div>  \r\n        <\/div>   \r\n      <\/div>  \r\n   <\/div>\r\n<\/div>      \r\n\r\n<\/div>\t\t\t\t<\/div>\n\t\t\t\t<\/div>\n\t\t\t\t\t<\/div>\n\t\t<\/div>\n\t\t\t\t\t<\/div>\n\t\t<\/section>\n\t\t\t\t<section class=\"elementor-section elementor-top-section elementor-element elementor-element-26d009d7 elementor-section-boxed elementor-section-height-default elementor-section-height-default shape-bg-top-no shape-bg-bottom-no\" data-id=\"26d009d7\" data-element_type=\"section\" data-e-type=\"section\">\n\t\t\t\t\t\t<div class=\"elementor-container elementor-column-gap-default\">\n\t\t\t\t\t<div class=\"elementor-column elementor-col-100 elementor-top-column elementor-element elementor-element-2a3a0f88\" data-id=\"2a3a0f88\" data-element_type=\"column\" data-e-type=\"column\">\n\t\t\t<div class=\"elementor-widget-wrap elementor-element-populated\">\n\t\t\t\t\t\t<div class=\"elementor-element elementor-element-158a6e68 elementor-widget elementor-widget-gva-posts\" data-id=\"158a6e68\" data-element_type=\"widget\" data-e-type=\"widget\" data-widget_type=\"gva-posts.default\">\n\t\t\t\t<div class=\"elementor-widget-container\">\n\t\t\t\t\t<div class=\"gva-element-gva-posts gva-element\">  \r\n  <div class=\"gva-posts-grid clearfix gva-posts\">\r\n\t\t<div class=\"gva-content-items\"> \r\n\t\t  <div class=\"lg-block-grid-3 md-block-grid-3 sm-block-grid-2 xs-block-grid-2 xx-block-grid-1\">\r\n\t\t\t <div class=\"item-columns\">\r\n<article id=\"post-4723\" class=\"post post-style-3 post-4723 type-post status-publish format-standard hentry category-uncategorized\">\r\n   <div class=\"post-thumbnail\" style=\"background-image:url('');\"><\/div>   \r\n   <div class=\"entry-content\">\r\n      <div class=\"content-inner\">\r\n         <div class=\"entry-meta\">\r\n            <div class=\"left\"><img alt='' src='https:\/\/secure.gravatar.com\/avatar\/bf5ecbe11d2b5de3e78782f8184783007abe3ed0575c311083b4b51f75e5edba?s=160&#038;d=mm&#038;r=g' srcset='https:\/\/secure.gravatar.com\/avatar\/bf5ecbe11d2b5de3e78782f8184783007abe3ed0575c311083b4b51f75e5edba?s=320&#038;d=mm&#038;r=g 2x' class='avatar avatar-160 photo' height='160' width='160' \/><\/div><div class=\"right\"><span class=\"author vcard\"><i class=\"far fa-user-circle\"><\/i>by&nbsp;admin<\/span><\/div>         <\/div> \r\n         <h2 class=\"entry-title\">\r\n            <a href=\"https:\/\/bulgarian-herbs.com\/en\/2024\/04\/14\/apply-any-of-these-10-secret-techniques-to-improve-cultural-influences-on-gambling-preferences-in-turkey\/\">Apply Any Of These 10 Secret Techniques To Improve Cultural Influences on Gambling Preferences in Turkey<\/a>\r\n         <\/h2>\r\n      <\/div>\r\n      <div class=\"read-more-arrow\">\r\n         <a href=\"https:\/\/bulgarian-herbs.com\/en\/2024\/04\/14\/apply-any-of-these-10-secret-techniques-to-improve-cultural-influences-on-gambling-preferences-in-turkey\/\">\r\n            <i class=\"icon las la-arrow-right\"><\/i>\r\n         <\/a>\r\n      <\/div>\r\n   <\/div>\r\n   <a href=\"https:\/\/bulgarian-herbs.com\/en\/2024\/04\/14\/apply-any-of-these-10-secret-techniques-to-improve-cultural-influences-on-gambling-preferences-in-turkey\/\" class=\"link-overlay\"><\/a>\r\n<\/article>   \r\n\r\n  <\/div><div class=\"item-columns\">\r\n<article id=\"post-4719\" class=\"post post-style-3 post-4719 type-post status-publish format-standard hentry category-pin-up-casino-formal-sayti-slot-mashinlari-235 tag-pinup tag-pinup-az\">\r\n   <div class=\"post-thumbnail\" style=\"background-image:url('');\"><\/div>   \r\n   <div class=\"entry-content\">\r\n      <div class=\"content-inner\">\r\n         <div class=\"entry-meta\">\r\n            <div class=\"left\"><img alt='' src='https:\/\/secure.gravatar.com\/avatar\/bf5ecbe11d2b5de3e78782f8184783007abe3ed0575c311083b4b51f75e5edba?s=160&#038;d=mm&#038;r=g' srcset='https:\/\/secure.gravatar.com\/avatar\/bf5ecbe11d2b5de3e78782f8184783007abe3ed0575c311083b4b51f75e5edba?s=320&#038;d=mm&#038;r=g 2x' class='avatar avatar-160 photo' height='160' width='160' \/><\/div><div class=\"right\"><span class=\"author vcard\"><i class=\"far fa-user-circle\"><\/i>by&nbsp;admin<\/span><\/div>         <\/div> \r\n         <h2 class=\"entry-title\">\r\n            <a href=\"https:\/\/bulgarian-herbs.com\/en\/2024\/04\/13\/pin-up-casino-azerbaycan-qeydiyyat-girishi-oyunu-13\/\">Pin Up Casino Az\u0259rbaycan Registrar, Giri\u015fi, Oyunu<\/a>\r\n         <\/h2>\r\n      <\/div>\r\n      <div class=\"read-more-arrow\">\r\n         <a href=\"https:\/\/bulgarian-herbs.com\/en\/2024\/04\/13\/pin-up-casino-azerbaycan-qeydiyyat-girishi-oyunu-13\/\">\r\n            <i class=\"icon las la-arrow-right\"><\/i>\r\n         <\/a>\r\n      <\/div>\r\n   <\/div>\r\n   <a href=\"https:\/\/bulgarian-herbs.com\/en\/2024\/04\/13\/pin-up-casino-azerbaycan-qeydiyyat-girishi-oyunu-13\/\" class=\"link-overlay\"><\/a>\r\n<\/article>   \r\n\r\n  <\/div><div class=\"item-columns\">\r\n<article id=\"post-4717\" class=\"post post-style-3 post-4717 type-post status-publish format-standard hentry category-pin-up-casino-formal-sayti-slot-mashinlari-235 tag-pinup tag-pinup-az\">\r\n   <div class=\"post-thumbnail\" style=\"background-image:url('');\"><\/div>   \r\n   <div class=\"entry-content\">\r\n      <div class=\"content-inner\">\r\n         <div class=\"entry-meta\">\r\n            <div class=\"left\"><img alt='' src='https:\/\/secure.gravatar.com\/avatar\/bf5ecbe11d2b5de3e78782f8184783007abe3ed0575c311083b4b51f75e5edba?s=160&#038;d=mm&#038;r=g' srcset='https:\/\/secure.gravatar.com\/avatar\/bf5ecbe11d2b5de3e78782f8184783007abe3ed0575c311083b4b51f75e5edba?s=320&#038;d=mm&#038;r=g 2x' class='avatar avatar-160 photo' height='160' width='160' \/><\/div><div class=\"right\"><span class=\"author vcard\"><i class=\"far fa-user-circle\"><\/i>by&nbsp;admin<\/span><\/div>         <\/div> \r\n         <h2 class=\"entry-title\">\r\n            <a href=\"https:\/\/bulgarian-herbs.com\/en\/2024\/04\/13\/uyelik-bonusu-erishim-oyunlar-321\/\">\u00dcyelik Bonusu, Eri\u015fim, Oyunlar<\/a>\r\n         <\/h2>\r\n      <\/div>\r\n      <div class=\"read-more-arrow\">\r\n         <a href=\"https:\/\/bulgarian-herbs.com\/en\/2024\/04\/13\/uyelik-bonusu-erishim-oyunlar-321\/\">\r\n            <i class=\"icon las la-arrow-right\"><\/i>\r\n         <\/a>\r\n      <\/div>\r\n   <\/div>\r\n   <a href=\"https:\/\/bulgarian-herbs.com\/en\/2024\/04\/13\/uyelik-bonusu-erishim-oyunlar-321\/\" class=\"link-overlay\"><\/a>\r\n<\/article>   \r\n\r\n  <\/div><div class=\"item-columns\">\r\n<article id=\"post-4715\" class=\"post post-style-3 post-4715 type-post status-publish format-standard hentry category-pin-up-casino-formal-sayti-slot-mashinlari-235 tag-pinup tag-pinup-az\">\r\n   <div class=\"post-thumbnail\" style=\"background-image:url('');\"><\/div>   \r\n   <div class=\"entry-content\">\r\n      <div class=\"content-inner\">\r\n         <div class=\"entry-meta\">\r\n            <div class=\"left\"><img alt='' src='https:\/\/secure.gravatar.com\/avatar\/bf5ecbe11d2b5de3e78782f8184783007abe3ed0575c311083b4b51f75e5edba?s=160&#038;d=mm&#038;r=g' srcset='https:\/\/secure.gravatar.com\/avatar\/bf5ecbe11d2b5de3e78782f8184783007abe3ed0575c311083b4b51f75e5edba?s=320&#038;d=mm&#038;r=g 2x' class='avatar avatar-160 photo' height='160' width='160' \/><\/div><div class=\"right\"><span class=\"author vcard\"><i class=\"far fa-user-circle\"><\/i>by&nbsp;admin<\/span><\/div>         <\/div> \r\n         <h2 class=\"entry-title\">\r\n            <a href=\"https:\/\/bulgarian-herbs.com\/en\/2024\/04\/13\/azerbaycanda-merc-oyunlari-shirketi-baxish-ve-reyler-434\/\">Azerbaijan M\u0259rc Oyunlar\u0131 Company Bax\u0131\u015f V\u0259 R\u0259yl\u0259r<\/a>\r\n         <\/h2>\r\n      <\/div>\r\n      <div class=\"read-more-arrow\">\r\n         <a href=\"https:\/\/bulgarian-herbs.com\/en\/2024\/04\/13\/azerbaycanda-merc-oyunlari-shirketi-baxish-ve-reyler-434\/\">\r\n            <i class=\"icon las la-arrow-right\"><\/i>\r\n         <\/a>\r\n      <\/div>\r\n   <\/div>\r\n   <a href=\"https:\/\/bulgarian-herbs.com\/en\/2024\/04\/13\/azerbaycanda-merc-oyunlari-shirketi-baxish-ve-reyler-434\/\" class=\"link-overlay\"><\/a>\r\n<\/article>   \r\n\r\n  <\/div><div class=\"item-columns\">\r\n<article id=\"post-4713\" class=\"post post-style-3 post-4713 type-post status-publish format-standard hentry category-pin-up-casino-formal-sayti-slot-mashinlari-235 tag-pinup tag-pinup-az\">\r\n   <div class=\"post-thumbnail\" style=\"background-image:url('');\"><\/div>   \r\n   <div class=\"entry-content\">\r\n      <div class=\"content-inner\">\r\n         <div class=\"entry-meta\">\r\n            <div class=\"left\"><img alt='' src='https:\/\/secure.gravatar.com\/avatar\/bf5ecbe11d2b5de3e78782f8184783007abe3ed0575c311083b4b51f75e5edba?s=160&#038;d=mm&#038;r=g' srcset='https:\/\/secure.gravatar.com\/avatar\/bf5ecbe11d2b5de3e78782f8184783007abe3ed0575c311083b4b51f75e5edba?s=320&#038;d=mm&#038;r=g 2x' class='avatar avatar-160 photo' height='160' width='160' \/><\/div><div class=\"right\"><span class=\"author vcard\"><i class=\"far fa-user-circle\"><\/i>by&nbsp;admin<\/span><\/div>         <\/div> \r\n         <h2 class=\"entry-title\">\r\n            <a href=\"https:\/\/bulgarian-herbs.com\/en\/2024\/04\/13\/pin-up-306-casino-bashlangic-qeydiyyat-bonuslar-yukle-143\/\">Pin Up 306 Casino Ba\u015flan\u011f\u0131c Registration, Bonuslar, Yukle<\/a>\r\n         <\/h2>\r\n      <\/div>\r\n      <div class=\"read-more-arrow\">\r\n         <a href=\"https:\/\/bulgarian-herbs.com\/en\/2024\/04\/13\/pin-up-306-casino-bashlangic-qeydiyyat-bonuslar-yukle-143\/\">\r\n            <i class=\"icon las la-arrow-right\"><\/i>\r\n         <\/a>\r\n      <\/div>\r\n   <\/div>\r\n   <a href=\"https:\/\/bulgarian-herbs.com\/en\/2024\/04\/13\/pin-up-306-casino-bashlangic-qeydiyyat-bonuslar-yukle-143\/\" class=\"link-overlay\"><\/a>\r\n<\/article>   \r\n\r\n  <\/div><div class=\"item-columns\">\r\n<article id=\"post-4727\" class=\"post post-style-3 post-4727 type-post status-publish format-standard hentry category-uncategorized\">\r\n   <div class=\"post-thumbnail\" style=\"background-image:url('');\"><\/div>   \r\n   <div class=\"entry-content\">\r\n      <div class=\"content-inner\">\r\n         <div class=\"entry-meta\">\r\n            <div class=\"left\"><img alt='' src='https:\/\/secure.gravatar.com\/avatar\/bf5ecbe11d2b5de3e78782f8184783007abe3ed0575c311083b4b51f75e5edba?s=160&#038;d=mm&#038;r=g' srcset='https:\/\/secure.gravatar.com\/avatar\/bf5ecbe11d2b5de3e78782f8184783007abe3ed0575c311083b4b51f75e5edba?s=320&#038;d=mm&#038;r=g 2x' class='avatar avatar-160 photo' height='160' width='160' \/><\/div><div class=\"right\"><span class=\"author vcard\"><i class=\"far fa-user-circle\"><\/i>by&nbsp;admin<\/span><\/div>         <\/div> \r\n         <h2 class=\"entry-title\">\r\n            <a href=\"https:\/\/bulgarian-herbs.com\/en\/2024\/04\/13\/30-facons-dont-tortuga-casino-avis-peut-vous-rendre-invincible\/\">30 fa\u00e7ons dont Tortuga Casino Avis peut vous rendre invincible<\/a>\r\n         <\/h2>\r\n      <\/div>\r\n      <div class=\"read-more-arrow\">\r\n         <a href=\"https:\/\/bulgarian-herbs.com\/en\/2024\/04\/13\/30-facons-dont-tortuga-casino-avis-peut-vous-rendre-invincible\/\">\r\n            <i class=\"icon las la-arrow-right\"><\/i>\r\n         <\/a>\r\n      <\/div>\r\n   <\/div>\r\n   <a href=\"https:\/\/bulgarian-herbs.com\/en\/2024\/04\/13\/30-facons-dont-tortuga-casino-avis-peut-vous-rendre-invincible\/\" class=\"link-overlay\"><\/a>\r\n<\/article>   \r\n\r\n  <\/div>\t\t  <\/div>\r\n\t\t<\/div>\r\n\t\t\t\t\t <div class=\"pagination\">\r\n\t\t\t\t  <div class=\"column one pager_wrapper\"><div class=\"pager\"><div class=\"paginations\"><a href=\"https:\/\/bulgarian-herbs.com\/en\/wp-json\/wp\/v2\/pages\/26\/\" class=\"page-item active\">1<\/a><a href=\"https:\/\/bulgarian-herbs.com\/en\/wp-json\/wp\/v2\/pages\/26\/page\/2\/\" class=\"page-item\">2<\/a><a href=\"https:\/\/bulgarian-herbs.com\/en\/wp-json\/wp\/v2\/pages\/26\/page\/3\/\" class=\"page-item\">3<\/a><span class=\"page-item\">... <\/span><a href=\"https:\/\/bulgarian-herbs.com\/en\/wp-json\/wp\/v2\/pages\/26\/page\/219\/\" class=\"page-item\">219<\/a><a class=\"next_page\" href=\"https:\/\/bulgarian-herbs.com\/en\/wp-json\/wp\/v2\/pages\/26\/page\/2\/\"><i class=\"fas fa-chevron-right\"><\/i><\/a><\/div><\/div><\/div>\n\t\t\t <\/div>\r\n\t\t  <\/div>\r\n  <\/div>\t\t\t\t<\/div>\n\t\t\t\t<\/div>\n\t\t\t\t\t<\/div>\n\t\t<\/div>\n\t\t\t\t\t<\/div>\n\t\t<\/section>\n\t\t\t\t<section class=\"elementor-section elementor-top-section elementor-element elementor-element-e4b1797 elementor-section-boxed elementor-section-height-default elementor-section-height-default shape-bg-top-no shape-bg-bottom-no\" data-id=\"e4b1797\" data-element_type=\"section\" data-e-type=\"section\" data-settings=\"{&quot;background_background&quot;:&quot;classic&quot;}\">\n\t\t\t\t\t\t\t<div class=\"elementor-background-overlay\"><\/div>\n\t\t\t\t\t\t\t<div class=\"elementor-container elementor-column-gap-default\">\n\t\t\t\t\t<div class=\"elementor-column elementor-col-50 elementor-top-column elementor-element elementor-element-88be77b\" data-id=\"88be77b\" data-element_type=\"column\" data-e-type=\"column\">\n\t\t\t<div class=\"elementor-widget-wrap elementor-element-populated\">\n\t\t\t\t\t\t<div class=\"elementor-element elementor-element-acfdb58 elementor-widget elementor-widget-gva-heading-block\" data-id=\"acfdb58\" data-element_type=\"widget\" data-e-type=\"widget\" data-widget_type=\"gva-heading-block.default\">\n\t\t\t\t<div class=\"elementor-widget-container\">\n\t\t\t\t\t<div class=\"gva-element-gva-heading-block gva-element\">   <div class=\"align-left style-1 widget gsc-heading box-align-left auto-responsive\">\r\n      <div class=\"content-inner\">\r\n         \r\n                  \r\n           \r\n         \r\n                     <h2 class=\"title\">\r\n               <span>Organic food is very popular and good for health these days.<\/span>\r\n            <\/h2>\r\n                  \r\n         \r\n      <\/div>\r\n   <\/div>\r\n<\/div>\t\t\t\t<\/div>\n\t\t\t\t<\/div>\n\t\t\t\t\t<\/div>\n\t\t<\/div>\n\t\t\t\t<div class=\"elementor-column elementor-col-50 elementor-top-column elementor-element elementor-element-8ba9b15\" data-id=\"8ba9b15\" data-element_type=\"column\" data-e-type=\"column\">\n\t\t\t<div class=\"elementor-widget-wrap elementor-element-populated\">\n\t\t\t\t\t\t<div class=\"elementor-element elementor-element-43ca58c elementor-widget__width-auto elementor-widget elementor-widget-html\" data-id=\"43ca58c\" data-element_type=\"widget\" data-e-type=\"widget\" data-widget_type=\"html.default\">\n\t\t\t\t<div class=\"elementor-widget-container\">\n\t\t\t\t\t<a class=\"btn-white\" href=\"https:\/\/gaviaspreview.com\/wp\/orgarium\/contact\/\">\n    About Us\n<\/a>\t\t\t\t<\/div>\n\t\t\t\t<\/div>\n\t\t\t\t\t<\/div>\n\t\t<\/div>\n\t\t\t\t\t<\/div>\n\t\t<\/section>\n\t\t\t\t<\/div>","protected":false},"excerpt":{"rendered":"<p>25 startups best to sell organic products Home by&nbsp;admin3 comments The Climate Change Mitigation Potential by&nbsp;admin0 comments Organic food export can transform economy by&nbsp;admin0 comments Best organic make-up products that [&hellip;]<\/p>\n","protected":false},"author":1,"featured_media":0,"parent":0,"menu_order":0,"comment_status":"closed","ping_status":"closed","template":"","meta":{"footnotes":""},"class_list":["post-26","page","type-page","status-publish","hentry"],"yoast_head":"<!-- This site is optimized with the Yoast SEO plugin v27.4 - https:\/\/yoast.com\/product\/yoast-seo-wordpress\/ -->\n<title>News II - Bulgarian Herbs<\/title>\n<meta name=\"robots\" content=\"index, follow, max-snippet:-1, max-image-preview:large, max-video-preview:-1\" \/>\n<link rel=\"canonical\" href=\"https:\/\/bulgarian-herbs.com\/en\/news-2\/\" \/>\n<meta property=\"og:locale\" content=\"en_GB\" \/>\n<meta property=\"og:type\" content=\"article\" \/>\n<meta property=\"og:title\" content=\"News II - Bulgarian Herbs\" \/>\n<meta property=\"og:description\" content=\"25 startups best to sell organic products Home by&nbsp;admin3 comments The Climate Change Mitigation Potential by&nbsp;admin0 comments Organic food export can transform economy by&nbsp;admin0 comments Best organic make-up products that [&hellip;]\" \/>\n<meta property=\"og:url\" content=\"https:\/\/bulgarian-herbs.com\/en\/news-2\/\" \/>\n<meta property=\"og:site_name\" content=\"Bulgarian Herbs\" \/>\n<meta property=\"og:image\" content=\"http:\/\/0.gravatar.com\/avatar\/ff85f759d0074f76f01e041beb96c350?s=160&#038;d=mm&#038;r=g\" \/>\n<meta name=\"twitter:card\" content=\"summary_large_image\" \/>\n<script type=\"application\/ld+json\" class=\"yoast-schema-graph\">{\"@context\":\"https:\\\/\\\/schema.org\",\"@graph\":[{\"@type\":\"WebPage\",\"@id\":\"https:\\\/\\\/bulgarian-herbs.com\\\/news-2\\\/\",\"url\":\"https:\\\/\\\/bulgarian-herbs.com\\\/news-2\\\/\",\"name\":\"News II - Bulgarian Herbs\",\"isPartOf\":{\"@id\":\"https:\\\/\\\/bulgarian-herbs.com\\\/#website\"},\"primaryImageOfPage\":{\"@id\":\"https:\\\/\\\/bulgarian-herbs.com\\\/news-2\\\/#primaryimage\"},\"image\":{\"@id\":\"https:\\\/\\\/bulgarian-herbs.com\\\/news-2\\\/#primaryimage\"},\"thumbnailUrl\":\"http:\\\/\\\/0.gravatar.com\\\/avatar\\\/ff85f759d0074f76f01e041beb96c350?s=160&#038;d=mm&#038;r=g\",\"datePublished\":\"2020-12-08T03:54:16+00:00\",\"breadcrumb\":{\"@id\":\"https:\\\/\\\/bulgarian-herbs.com\\\/news-2\\\/#breadcrumb\"},\"inLanguage\":\"en-GB\",\"potentialAction\":[{\"@type\":\"ReadAction\",\"target\":[\"https:\\\/\\\/bulgarian-herbs.com\\\/news-2\\\/\"]}]},{\"@type\":\"ImageObject\",\"inLanguage\":\"en-GB\",\"@id\":\"https:\\\/\\\/bulgarian-herbs.com\\\/news-2\\\/#primaryimage\",\"url\":\"http:\\\/\\\/0.gravatar.com\\\/avatar\\\/ff85f759d0074f76f01e041beb96c350?s=160&#038;d=mm&#038;r=g\",\"contentUrl\":\"http:\\\/\\\/0.gravatar.com\\\/avatar\\\/ff85f759d0074f76f01e041beb96c350?s=160&#038;d=mm&#038;r=g\"},{\"@type\":\"BreadcrumbList\",\"@id\":\"https:\\\/\\\/bulgarian-herbs.com\\\/news-2\\\/#breadcrumb\",\"itemListElement\":[{\"@type\":\"ListItem\",\"position\":1,\"name\":\"Home\",\"item\":\"https:\\\/\\\/bulgarian-herbs.com\\\/\"},{\"@type\":\"ListItem\",\"position\":2,\"name\":\"News II\"}]},{\"@type\":\"WebSite\",\"@id\":\"https:\\\/\\\/bulgarian-herbs.com\\\/#website\",\"url\":\"https:\\\/\\\/bulgarian-herbs.com\\\/\",\"name\":\"Bulgarian Herbs\",\"description\":\"\",\"potentialAction\":[{\"@type\":\"SearchAction\",\"target\":{\"@type\":\"EntryPoint\",\"urlTemplate\":\"https:\\\/\\\/bulgarian-herbs.com\\\/?s={search_term_string}\"},\"query-input\":{\"@type\":\"PropertyValueSpecification\",\"valueRequired\":true,\"valueName\":\"search_term_string\"}}],\"inLanguage\":\"en-GB\"}]}<\/script>\n<!-- \/ Yoast SEO plugin. -->","yoast_head_json":{"title":"News II - Bulgarian Herbs","robots":{"index":"index","follow":"follow","max-snippet":"max-snippet:-1","max-image-preview":"max-image-preview:large","max-video-preview":"max-video-preview:-1"},"canonical":"https:\/\/bulgarian-herbs.com\/en\/news-2\/","og_locale":"en_GB","og_type":"article","og_title":"News II - Bulgarian Herbs","og_description":"25 startups best to sell organic products Home by&nbsp;admin3 comments The Climate Change Mitigation Potential by&nbsp;admin0 comments Organic food export can transform economy by&nbsp;admin0 comments Best organic make-up products that [&hellip;]","og_url":"https:\/\/bulgarian-herbs.com\/en\/news-2\/","og_site_name":"Bulgarian Herbs","og_image":[{"url":"http:\/\/0.gravatar.com\/avatar\/ff85f759d0074f76f01e041beb96c350?s=160&#038;d=mm&#038;r=g","type":"","width":"","height":""}],"twitter_card":"summary_large_image","schema":{"@context":"https:\/\/schema.org","@graph":[{"@type":"WebPage","@id":"https:\/\/bulgarian-herbs.com\/news-2\/","url":"https:\/\/bulgarian-herbs.com\/news-2\/","name":"News II - Bulgarian Herbs","isPartOf":{"@id":"https:\/\/bulgarian-herbs.com\/#website"},"primaryImageOfPage":{"@id":"https:\/\/bulgarian-herbs.com\/news-2\/#primaryimage"},"image":{"@id":"https:\/\/bulgarian-herbs.com\/news-2\/#primaryimage"},"thumbnailUrl":"http:\/\/0.gravatar.com\/avatar\/ff85f759d0074f76f01e041beb96c350?s=160&#038;d=mm&#038;r=g","datePublished":"2020-12-08T03:54:16+00:00","breadcrumb":{"@id":"https:\/\/bulgarian-herbs.com\/news-2\/#breadcrumb"},"inLanguage":"en-GB","potentialAction":[{"@type":"ReadAction","target":["https:\/\/bulgarian-herbs.com\/news-2\/"]}]},{"@type":"ImageObject","inLanguage":"en-GB","@id":"https:\/\/bulgarian-herbs.com\/news-2\/#primaryimage","url":"http:\/\/0.gravatar.com\/avatar\/ff85f759d0074f76f01e041beb96c350?s=160&#038;d=mm&#038;r=g","contentUrl":"http:\/\/0.gravatar.com\/avatar\/ff85f759d0074f76f01e041beb96c350?s=160&#038;d=mm&#038;r=g"},{"@type":"BreadcrumbList","@id":"https:\/\/bulgarian-herbs.com\/news-2\/#breadcrumb","itemListElement":[{"@type":"ListItem","position":1,"name":"Home","item":"https:\/\/bulgarian-herbs.com\/"},{"@type":"ListItem","position":2,"name":"News II"}]},{"@type":"WebSite","@id":"https:\/\/bulgarian-herbs.com\/#website","url":"https:\/\/bulgarian-herbs.com\/","name":"Bulgarian Herbs","description":"","potentialAction":[{"@type":"SearchAction","target":{"@type":"EntryPoint","urlTemplate":"https:\/\/bulgarian-herbs.com\/?s={search_term_string}"},"query-input":{"@type":"PropertyValueSpecification","valueRequired":true,"valueName":"search_term_string"}}],"inLanguage":"en-GB"}]}},"_links":{"self":[{"href":"https:\/\/bulgarian-herbs.com\/en\/wp-json\/wp\/v2\/pages\/26","targetHints":{"allow":["GET"]}}],"collection":[{"href":"https:\/\/bulgarian-herbs.com\/en\/wp-json\/wp\/v2\/pages"}],"about":[{"href":"https:\/\/bulgarian-herbs.com\/en\/wp-json\/wp\/v2\/types\/page"}],"author":[{"embeddable":true,"href":"https:\/\/bulgarian-herbs.com\/en\/wp-json\/wp\/v2\/users\/1"}],"replies":[{"embeddable":true,"href":"https:\/\/bulgarian-herbs.com\/en\/wp-json\/wp\/v2\/comments?post=26"}],"version-history":[{"count":0,"href":"https:\/\/bulgarian-herbs.com\/en\/wp-json\/wp\/v2\/pages\/26\/revisions"}],"wp:attachment":[{"href":"https:\/\/bulgarian-herbs.com\/en\/wp-json\/wp\/v2\/media?parent=26"}],"curies":[{"name":"wp","href":"https:\/\/api.w.org\/{rel}","templated":true}]}}